{"id":1719,"date":"2026-01-20T11:27:20","date_gmt":"2026-01-20T10:27:20","guid":{"rendered":"https:\/\/gvproperties.be\/?page_id=1719"},"modified":"2026-01-20T12:01:41","modified_gmt":"2026-01-20T11:01:41","slug":"mise-en-location-2","status":"publish","type":"page","link":"https:\/\/gvproperties.be\/index.php\/mise-en-location-2\/","title":{"rendered":"Mise en location"},"content":{"rendered":"\t\t<div data-elementor-type=\"wp-page\" data-elementor-id=\"1719\" class=\"elementor elementor-1719\" data-elementor-post-type=\"page\">\n\t\t\t\t<div class=\"elementor-element elementor-element-50c0427 e-flex e-con-boxed e-con e-parent\" data-id=\"50c0427\" data-element_type=\"container\">\n\t\t\t\t\t<div class=\"e-con-inner\">\n\t\t\t\t<div class=\"elementor-element elementor-element-3d74df4 elementor-widget elementor-widget-heading\" data-id=\"3d74df4\" data-element_type=\"widget\" data-widget_type=\"heading.default\">\n\t\t\t\t\t<h1 class=\"elementor-heading-title elementor-size-default\">Estimation locative \u00e0 Bruxelles, dans le Brabant wallon et le Brabant flamand<\/h1>\t\t\t\t<\/div>\n\t\t\t\t\t<\/div>\n\t\t\t\t<\/div>\n\t\t<div class=\"elementor-element elementor-element-48d0894 e-flex e-con-boxed e-con e-parent\" data-id=\"48d0894\" data-element_type=\"container\">\n\t\t\t\t\t<div class=\"e-con-inner\">\n\t\t\t\t<div class=\"elementor-element elementor-element-189f0ff elementor-widget elementor-widget-text-editor\" data-id=\"189f0ff\" data-element_type=\"widget\" data-widget_type=\"text-editor.default\">\n\t\t\t\t\t\t\t\t\t<p data-start=\"401\" data-end=\"474\"><strong data-start=\"401\" data-end=\"474\">Confiez la location de votre bien \u00e0 un professionnel de l\u2019immobilier.<\/strong><\/p><p data-start=\"476\" data-end=\"832\">Gr\u00e2ce \u00e0 son r\u00e9seau international, \u00e0 sa pr\u00e9sence active dans les quartiers les plus pris\u00e9s de Bruxelles, du Brabant wallon et du Brabant flamand, ainsi qu\u2019\u00e0 une parfaite connaissance du march\u00e9 locatif, <strong data-start=\"677\" data-end=\"694\">GV Properties<\/strong> propose aux propri\u00e9taires un service de mise en location haut de gamme, rapide et efficace, bas\u00e9 sur une <strong data-start=\"800\" data-end=\"831\">estimation locative pr\u00e9cise<\/strong>.<\/p><p data-start=\"834\" data-end=\"1066\">Chaque bien est valoris\u00e9 de mani\u00e8re optimale, avec des visuels soign\u00e9s, une communication cibl\u00e9e et une analyse de march\u00e9 rigoureuse permettant de <strong data-start=\"981\" data-end=\"1007\">d\u00e9finir le juste loyer<\/strong> et d\u2019attirer des candidats s\u00e9rieux d\u00e8s les premiers jours.<\/p><p data-start=\"1068\" data-end=\"1237\">Notre collaboration \u00e9troite avec un r\u00e9seau de candidats expatri\u00e9s assure \u00e0 votre bien une visibilit\u00e9 \u00e9tendue, aupr\u00e8s d\u2019une client\u00e8le internationale fiable et de qualit\u00e9.<\/p><p data-start=\"1239\" data-end=\"1590\">Fort de plus de 10 ans d\u2019exp\u00e9rience sur le terrain, nous vous accompagnons \u00e0 chaque \u00e9tape : constitution rigoureuse des dossiers, conseils juridiques, collaboration avec un bureau d\u2019expertise comp\u00e9tent pour les \u00e9tats des lieux, r\u00e9daction du bail.<br data-start=\"1485\" data-end=\"1488\" \/>Nous ne nous contentons pas de trouver un locataire : <strong data-start=\"1542\" data-end=\"1589\">nous vous aidons \u00e0 trouver le bon locataire<\/strong>.<\/p><p data-start=\"1592\" data-end=\"1721\"><strong data-start=\"1592\" data-end=\"1666\">Pour recevoir une estimation locative et mettre votre bien en location<\/strong>, merci de remplir le formulaire de contact ci-dessous.<\/p>\t\t\t\t\t\t\t\t<\/div>\n\t\t\t\t\t<\/div>\n\t\t\t\t<\/div>\n\t\t<div class=\"elementor-element elementor-element-14fdfac e-flex e-con-boxed e-con e-parent\" data-id=\"14fdfac\" data-element_type=\"container\">\n\t\t\t\t\t<div class=\"e-con-inner\">\n\t\t\t\t<div class=\"elementor-element elementor-element-3dd690b elementor-button-align-stretch elementor-widget elementor-widget-form\" data-id=\"3dd690b\" data-element_type=\"widget\" data-settings=\"{&quot;step_next_label&quot;:&quot;Suivant&quot;,&quot;step_previous_label&quot;:&quot;Pr\\u00e9c\\u00e9dent&quot;,&quot;button_width&quot;:&quot;100&quot;,&quot;step_type&quot;:&quot;number_text&quot;,&quot;step_icon_shape&quot;:&quot;circle&quot;}\" data-widget_type=\"form.default\">\n\t\t\t\t\t\t\t<form class=\"elementor-form\" method=\"post\" name=\"Nouveau formulaire\" aria-label=\"Nouveau formulaire\">\n\t\t\t<input type=\"hidden\" name=\"post_id\" value=\"1719\"\/>\n\t\t\t<input type=\"hidden\" name=\"form_id\" value=\"3dd690b\"\/>\n\t\t\t<input type=\"hidden\" name=\"referer_title\" value=\"Mise en location - GV Properties\" \/>\n\n\t\t\t\t\t\t\t<input type=\"hidden\" name=\"queried_id\" value=\"1719\"\/>\n\t\t\t\n\t\t\t<div class=\"elementor-form-fields-wrapper elementor-labels-above\">\n\t\t\t\t\t\t\t\t<div class=\"elementor-field-type-text elementor-field-group elementor-column elementor-field-group-name elementor-col-100 elementor-field-required\">\n\t\t\t\t\t\t\t\t\t\t\t\t<label for=\"form-field-name\" class=\"elementor-field-label\">\n\t\t\t\t\t\t\t\tNom\t\t\t\t\t\t\t<\/label>\n\t\t\t\t\t\t\t\t\t\t\t\t\t\t<input size=\"1\" type=\"text\" name=\"form_fields[name]\" id=\"form-field-name\" class=\"elementor-field elementor-size-sm  elementor-field-textual\" required=\"required\">\n\t\t\t\t\t\t\t\t\t\t\t<\/div>\n\t\t\t\t\t\t\t\t<div class=\"elementor-field-type-text elementor-field-group elementor-column elementor-field-group-field_5411d71 elementor-col-100 elementor-field-required\">\n\t\t\t\t\t\t\t\t\t\t\t\t<label for=\"form-field-field_5411d71\" class=\"elementor-field-label\">\n\t\t\t\t\t\t\t\tPr\u00e9nom\t\t\t\t\t\t\t<\/label>\n\t\t\t\t\t\t\t\t\t\t\t\t\t\t<input size=\"1\" type=\"text\" name=\"form_fields[field_5411d71]\" id=\"form-field-field_5411d71\" class=\"elementor-field elementor-size-sm  elementor-field-textual\" required=\"required\">\n\t\t\t\t\t\t\t\t\t\t\t<\/div>\n\t\t\t\t\t\t\t\t<div class=\"elementor-field-type-email elementor-field-group elementor-column elementor-field-group-email elementor-col-100 elementor-field-required\">\n\t\t\t\t\t\t\t\t\t\t\t\t<label for=\"form-field-email\" class=\"elementor-field-label\">\n\t\t\t\t\t\t\t\tE-mail\t\t\t\t\t\t\t<\/label>\n\t\t\t\t\t\t\t\t\t\t\t\t\t\t<input size=\"1\" type=\"email\" name=\"form_fields[email]\" id=\"form-field-email\" class=\"elementor-field elementor-size-sm  elementor-field-textual\" required=\"required\">\n\t\t\t\t\t\t\t\t\t\t\t<\/div>\n\t\t\t\t\t\t\t\t<div class=\"elementor-field-type-text elementor-field-group elementor-column elementor-field-group-field_5424a6c elementor-col-100 elementor-field-required\">\n\t\t\t\t\t\t\t\t\t\t\t\t<label for=\"form-field-field_5424a6c\" class=\"elementor-field-label\">\n\t\t\t\t\t\t\t\tT\u00e9l\u00e9phone\t\t\t\t\t\t\t<\/label>\n\t\t\t\t\t\t\t\t\t\t\t\t\t\t<input size=\"1\" type=\"text\" name=\"form_fields[field_5424a6c]\" id=\"form-field-field_5424a6c\" class=\"elementor-field elementor-size-sm  elementor-field-textual\" required=\"required\">\n\t\t\t\t\t\t\t\t\t\t\t<\/div>\n\t\t\t\t\t\t\t\t<div class=\"elementor-field-type-textarea elementor-field-group elementor-column elementor-field-group-message elementor-col-100\">\n\t\t\t\t\t\t\t\t\t\t\t\t<label for=\"form-field-message\" class=\"elementor-field-label\">\n\t\t\t\t\t\t\t\tMessage\t\t\t\t\t\t\t<\/label>\n\t\t\t\t\t\t<textarea class=\"elementor-field-textual elementor-field  elementor-size-sm\" name=\"form_fields[message]\" id=\"form-field-message\" rows=\"4\"><\/textarea>\t\t\t\t<\/div>\n\t\t\t\t\t\t\t\t<div class=\"elementor-field-group elementor-column elementor-field-type-submit elementor-col-100 e-form__buttons\">\n\t\t\t\t\t<button class=\"elementor-button elementor-size-sm\" type=\"submit\">\n\t\t\t\t\t\t<span class=\"elementor-button-content-wrapper\">\n\t\t\t\t\t\t\t\t\t\t\t\t\t\t\t\t\t\t\t\t\t\t<span class=\"elementor-button-text\">Envoyer<\/span>\n\t\t\t\t\t\t\t\t\t\t\t\t\t<\/span>\n\t\t\t\t\t<\/button>\n\t\t\t\t<\/div>\n\t\t\t<\/div>\n\t\t<\/form>\n\t\t\t\t\t\t<\/div>\n\t\t\t\t\t<\/div>\n\t\t\t\t<\/div>\n\t\t<div class=\"elementor-element elementor-element-f3046c0 e-flex e-con-boxed e-con e-parent\" data-id=\"f3046c0\" data-element_type=\"container\">\n\t\t\t\t\t<div class=\"e-con-inner\">\n\t\t<div class=\"elementor-element elementor-element-42354bd e-con-full e-flex e-con e-child\" data-id=\"42354bd\" data-element_type=\"container\">\n\t\t\t\t<div class=\"elementor-element elementor-element-44e97be elementor-widget elementor-widget-text-editor\" data-id=\"44e97be\" data-element_type=\"widget\" data-widget_type=\"text-editor.default\">\n\t\t\t\t\t\t\t\t\t<p>\u2605\u2605\u2605\u2605\u2605<\/p>\t\t\t\t\t\t\t\t<\/div>\n\t\t\t\t<\/div>\n\t\t<div class=\"elementor-element elementor-element-d3c701a e-con-full e-flex e-con e-child\" data-id=\"d3c701a\" data-element_type=\"container\">\n\t\t\t\t<div class=\"elementor-element elementor-element-a50bb94 elementor-widget elementor-widget-text-editor\" data-id=\"a50bb94\" data-element_type=\"widget\" data-widget_type=\"text-editor.default\">\n\t\t\t\t\t\t\t\t\t<p>Les propri\u00e9taires qui nous font confiance \u00e0 Bruxelles, dans le Brabant wallon et le Brabant flamand appr\u00e9cient notre approche en mati\u00e8re d&rsquo;estimation et en vente immobili\u00e8re.<\/p><p><a href=\"https:\/\/www.google.com\/maps\/place\/GV+Properties\/@50.7789405,4.4518173,78404m\/data=!3m1!1e3!4m9!1m2!2m1!1sgv+properties+bruxelles!3m5!1s0x606f7850afb61555:0x2f83914e1d7502c0!8m2!3d50.7789404!4d4.4518174!16s%2Fg%2F11yr99w9n7?entry=ttu&amp;g_ep=EgoyMDI1MTIwOS4wIKXMDSoASAFQAw%3D%3D\" target=\"_blank\" rel=\"noopener\">Voir les avis clients sur Google<\/a><\/p><div>\u00a0<\/div>\t\t\t\t\t\t\t\t<\/div>\n\t\t\t\t<\/div>\n\t\t\t\t\t<\/div>\n\t\t\t\t<\/div>\n\t\t\t\t<\/div>\n\t\t","protected":false},"excerpt":{"rendered":"<p>Estimation locative \u00e0 Bruxelles, dans le Brabant wallon et le Brabant flamand Confiez la location de votre bien \u00e0 un [&hellip;]<\/p>\n","protected":false},"author":1,"featured_media":0,"parent":0,"menu_order":0,"comment_status":"closed","ping_status":"closed","template":"elementor_header_footer","meta":{"_acf_changed":false,"site-sidebar-layout":"no-sidebar","site-content-layout":"","ast-site-content-layout":"full-width-container","site-content-style":"default","site-sidebar-style":"default","ast-global-header-display":"","ast-banner-title-visibility":"","ast-main-header-display":"","ast-hfb-above-header-display":"","ast-hfb-below-header-display":"","ast-hfb-mobile-header-display":"","site-post-title":"","ast-breadcrumbs-content":"","ast-featured-img":"disabled","footer-sml-layout":"","theme-transparent-header-meta":"","adv-header-id-meta":"","stick-header-meta":"","header-above-stick-meta":"","header-main-stick-meta":"","header-below-stick-meta":"","astra-migrate-meta-layouts":"default","ast-page-background-enabled":"default","ast-page-background-meta":{"desktop":{"background-color":"var(--ast-global-color-5)","background-image":"","background-repeat":"repeat","background-position":"center center","background-size":"auto","background-attachment":"scroll","background-type":"","background-media":"","overlay-type":"","overlay-color":"","overlay-opacity":"","overlay-gradient":""},"tablet":{"background-color":"","background-image":"","background-repeat":"repeat","background-position":"center center","background-size":"auto","background-attachment":"scroll","background-type":"","background-media":"","overlay-type":"","overlay-color":"","overlay-opacity":"","overlay-gradient":""},"mobile":{"background-color":"","background-image":"","background-repeat":"repeat","background-position":"center center","background-size":"auto","background-attachment":"scroll","background-type":"","background-media":"","overlay-type":"","overlay-color":"","overlay-opacity":"","overlay-gradient":""}},"ast-content-background-meta":{"desktop":{"background-color":"var(--ast-global-color-4)","background-image":"","background-repeat":"repeat","background-position":"center center","background-size":"auto","background-attachment":"scroll","background-type":"","background-media":"","overlay-type":"","overlay-color":"","overlay-opacity":"","overlay-gradient":""},"tablet":{"background-color":"var(--ast-global-color-4)","background-image":"","background-repeat":"repeat","background-position":"center center","background-size":"auto","background-attachment":"scroll","background-type":"","background-media":"","overlay-type":"","overlay-color":"","overlay-opacity":"","overlay-gradient":""},"mobile":{"background-color":"var(--ast-global-color-4)","background-image":"","background-repeat":"repeat","background-position":"center center","background-size":"auto","background-attachment":"scroll","background-type":"","background-media":"","overlay-type":"","overlay-color":"","overlay-opacity":"","overlay-gradient":""}},"footnotes":""},"class_list":["post-1719","page","type-page","status-publish","hentry"],"acf":[],"_links":{"self":[{"href":"https:\/\/gvproperties.be\/index.php\/wp-json\/wp\/v2\/pages\/1719","targetHints":{"allow":["GET"]}}],"collection":[{"href":"https:\/\/gvproperties.be\/index.php\/wp-json\/wp\/v2\/pages"}],"about":[{"href":"https:\/\/gvproperties.be\/index.php\/wp-json\/wp\/v2\/types\/page"}],"author":[{"embeddable":true,"href":"https:\/\/gvproperties.be\/index.php\/wp-json\/wp\/v2\/users\/1"}],"replies":[{"embeddable":true,"href":"https:\/\/gvproperties.be\/index.php\/wp-json\/wp\/v2\/comments?post=1719"}],"version-history":[{"count":8,"href":"https:\/\/gvproperties.be\/index.php\/wp-json\/wp\/v2\/pages\/1719\/revisions"}],"predecessor-version":[{"id":1731,"href":"https:\/\/gvproperties.be\/index.php\/wp-json\/wp\/v2\/pages\/1719\/revisions\/1731"}],"wp:attachment":[{"href":"https:\/\/gvproperties.be\/index.php\/wp-json\/wp\/v2\/media?parent=1719"}],"curies":[{"name":"wp","href":"https:\/\/api.w.org\/{rel}","templated":true}]}}