{"id":21,"date":"2025-10-13T09:39:12","date_gmt":"2025-10-13T09:39:12","guid":{"rendered":"http:\/\/sruqnco.cluster021.hosting.ovh.net\/?page_id=21"},"modified":"2026-01-20T12:38:48","modified_gmt":"2026-01-20T11:38:48","slug":"mise-en-vente","status":"publish","type":"page","link":"https:\/\/gvproperties.be\/index.php\/mise-en-vente\/","title":{"rendered":"Mise en vente"},"content":{"rendered":"\t\t<div data-elementor-type=\"wp-page\" data-elementor-id=\"21\" class=\"elementor elementor-21\" data-elementor-post-type=\"page\">\n\t\t\t\t<div class=\"elementor-element elementor-element-b49bc0b e-flex e-con-boxed e-con e-parent\" data-id=\"b49bc0b\" data-element_type=\"container\">\n\t\t\t\t\t<div class=\"e-con-inner\">\n\t\t\t\t<div class=\"elementor-element elementor-element-3291e37 elementor-widget elementor-widget-heading\" data-id=\"3291e37\" data-element_type=\"widget\" data-widget_type=\"heading.default\">\n\t\t\t\t\t<h1 class=\"elementor-heading-title elementor-size-default\">Estimation immobili\u00e8re \u00e0 Bruxelles, dans le Brabant wallon et le Brabant flamand<\/h1>\t\t\t\t<\/div>\n\t\t\t\t\t<\/div>\n\t\t\t\t<\/div>\n\t\t<div class=\"elementor-element elementor-element-61d7c95 e-flex e-con-boxed e-con e-parent\" data-id=\"61d7c95\" data-element_type=\"container\">\n\t\t\t\t\t<div class=\"e-con-inner\">\n\t\t\t\t<div class=\"elementor-element elementor-element-277840a elementor-widget elementor-widget-heading\" data-id=\"277840a\" data-element_type=\"widget\" data-widget_type=\"heading.default\">\n\t\t\t\t\t<h2 class=\"elementor-heading-title elementor-size-default\">Un premier pas avant la mise en vente<\/h2>\t\t\t\t<\/div>\n\t\t\t\t\t<\/div>\n\t\t\t\t<\/div>\n\t\t<div class=\"elementor-element elementor-element-aa8765d e-flex e-con-boxed e-con e-parent\" data-id=\"aa8765d\" data-element_type=\"container\">\n\t\t\t\t\t<div class=\"e-con-inner\">\n\t\t\t\t<div class=\"elementor-element elementor-element-6ecb7b4 elementor-widget elementor-widget-text-editor\" data-id=\"6ecb7b4\" data-element_type=\"widget\" data-widget_type=\"text-editor.default\">\n\t\t\t\t\t\t\t\t\t<p data-start=\"755\" data-end=\"882\"><strong data-start=\"755\" data-end=\"817\">Confiez l\u2019estimation et la vente de votre bien \u00e0 Bruxelles<\/strong> \u00e0 un professionnel de l\u2019immobilier \u00e0 la hauteur de vos attentes.<\/p><p data-start=\"884\" data-end=\"1235\">Gr\u00e2ce \u00e0 son vaste r\u00e9seau et \u00e0 sa pr\u00e9sence strat\u00e9gique dans les quartiers les plus prestigieux de Bruxelles, du Brabant flamand et wallon, GV PROPERTIES propose aux propri\u00e9taires souhaitant vendre leur propri\u00e9t\u00e9, <strong data-start=\"1081\" data-end=\"1141\">une estimation immobili\u00e8re fiable avant la mise en vente<\/strong>, ainsi que <strong data-start=\"1153\" data-end=\"1193\">le service le plus complet du march\u00e9<\/strong>, personnalis\u00e9 et redoutablement efficace.<\/p><p data-start=\"1237\" data-end=\"1518\">Qu\u2019il s\u2019agisse d\u2019un bien situ\u00e9 \u00e0 Uccle, Ixelles, Saint-Gilles, Forest, Waterloo, Rhode-Saint-Gen\u00e8se ou dans leurs environs, GV PROPERTIES met votre propri\u00e9t\u00e9 en valeur aupr\u00e8s de sa client\u00e8le nationale et internationale, apr\u00e8s <strong data-start=\"1463\" data-end=\"1517\">une estimation pr\u00e9cise et r\u00e9aliste du march\u00e9 local<\/strong>.<\/p><p data-start=\"1520\" data-end=\"1784\">Notre connaissance accrue du march\u00e9, alli\u00e9e \u00e0 un excellent sens marketing et commercial, nous permet d\u2019optimiser chaque \u00e9tape de la vente de votre bien <strong data-start=\"1672\" data-end=\"1692\">d\u00e8s l\u2019estimation<\/strong>, et de vous aider \u00e0 obtenir le meilleur prix dans les meilleures conditions jusqu\u2019\u00e0 l\u2019acte.<\/p><p data-start=\"1786\" data-end=\"1956\"><strong data-start=\"1789\" data-end=\"1854\">Pour recevoir une estimation immobili\u00e8re gratuite \u00e0 Bruxelles<\/strong>, et discuter de la mise en vente de votre bien, merci de remplir le formulaire de contact ci-dessous.<\/p>\t\t\t\t\t\t\t\t<\/div>\n\t\t\t\t\t<\/div>\n\t\t\t\t<\/div>\n\t\t<div class=\"elementor-element elementor-element-ac09ec0 e-flex e-con-boxed e-con e-parent\" data-id=\"ac09ec0\" data-element_type=\"container\">\n\t\t\t\t\t<div class=\"e-con-inner\">\n\t\t\t\t<div class=\"elementor-element elementor-element-410533d elementor-button-align-stretch elementor-widget elementor-widget-form\" data-id=\"410533d\" data-element_type=\"widget\" data-settings=\"{&quot;step_next_label&quot;:&quot;Suivant&quot;,&quot;step_previous_label&quot;:&quot;Pr\\u00e9c\\u00e9dent&quot;,&quot;button_width&quot;:&quot;100&quot;,&quot;step_type&quot;:&quot;number_text&quot;,&quot;step_icon_shape&quot;:&quot;circle&quot;}\" data-widget_type=\"form.default\">\n\t\t\t\t\t\t\t<form class=\"elementor-form\" method=\"post\" name=\"Nouveau formulaire\" aria-label=\"Nouveau formulaire\">\n\t\t\t<input type=\"hidden\" name=\"post_id\" value=\"21\"\/>\n\t\t\t<input type=\"hidden\" name=\"form_id\" value=\"410533d\"\/>\n\t\t\t<input type=\"hidden\" name=\"referer_title\" value=\"Estimation immobili\u00e8re Bruxelles \u2013 Vente | GV Properties\" \/>\n\n\t\t\t\t\t\t\t<input type=\"hidden\" name=\"queried_id\" value=\"21\"\/>\n\t\t\t\n\t\t\t<div class=\"elementor-form-fields-wrapper elementor-labels-above\">\n\t\t\t\t\t\t\t\t<div class=\"elementor-field-type-text elementor-field-group elementor-column elementor-field-group-name elementor-col-100 elementor-field-required\">\n\t\t\t\t\t\t\t\t\t\t\t\t<label for=\"form-field-name\" class=\"elementor-field-label\">\n\t\t\t\t\t\t\t\tNom\t\t\t\t\t\t\t<\/label>\n\t\t\t\t\t\t\t\t\t\t\t\t\t\t<input size=\"1\" type=\"text\" name=\"form_fields[name]\" id=\"form-field-name\" class=\"elementor-field elementor-size-sm  elementor-field-textual\" required=\"required\">\n\t\t\t\t\t\t\t\t\t\t\t<\/div>\n\t\t\t\t\t\t\t\t<div class=\"elementor-field-type-text elementor-field-group elementor-column elementor-field-group-field_5411d71 elementor-col-100 elementor-field-required\">\n\t\t\t\t\t\t\t\t\t\t\t\t<label for=\"form-field-field_5411d71\" class=\"elementor-field-label\">\n\t\t\t\t\t\t\t\tPr\u00e9nom\t\t\t\t\t\t\t<\/label>\n\t\t\t\t\t\t\t\t\t\t\t\t\t\t<input size=\"1\" type=\"text\" name=\"form_fields[field_5411d71]\" id=\"form-field-field_5411d71\" class=\"elementor-field elementor-size-sm  elementor-field-textual\" required=\"required\">\n\t\t\t\t\t\t\t\t\t\t\t<\/div>\n\t\t\t\t\t\t\t\t<div class=\"elementor-field-type-email elementor-field-group elementor-column elementor-field-group-email elementor-col-100 elementor-field-required\">\n\t\t\t\t\t\t\t\t\t\t\t\t<label for=\"form-field-email\" class=\"elementor-field-label\">\n\t\t\t\t\t\t\t\tE-mail\t\t\t\t\t\t\t<\/label>\n\t\t\t\t\t\t\t\t\t\t\t\t\t\t<input size=\"1\" type=\"email\" name=\"form_fields[email]\" id=\"form-field-email\" class=\"elementor-field elementor-size-sm  elementor-field-textual\" required=\"required\">\n\t\t\t\t\t\t\t\t\t\t\t<\/div>\n\t\t\t\t\t\t\t\t<div class=\"elementor-field-type-text elementor-field-group elementor-column elementor-field-group-field_5424a6c elementor-col-100 elementor-field-required\">\n\t\t\t\t\t\t\t\t\t\t\t\t<label for=\"form-field-field_5424a6c\" class=\"elementor-field-label\">\n\t\t\t\t\t\t\t\tT\u00e9l\u00e9phone\t\t\t\t\t\t\t<\/label>\n\t\t\t\t\t\t\t\t\t\t\t\t\t\t<input size=\"1\" type=\"text\" name=\"form_fields[field_5424a6c]\" id=\"form-field-field_5424a6c\" class=\"elementor-field elementor-size-sm  elementor-field-textual\" required=\"required\">\n\t\t\t\t\t\t\t\t\t\t\t<\/div>\n\t\t\t\t\t\t\t\t<div class=\"elementor-field-type-textarea elementor-field-group elementor-column elementor-field-group-message elementor-col-100\">\n\t\t\t\t\t\t\t\t\t\t\t\t<label for=\"form-field-message\" class=\"elementor-field-label\">\n\t\t\t\t\t\t\t\tMessage\t\t\t\t\t\t\t<\/label>\n\t\t\t\t\t\t<textarea class=\"elementor-field-textual elementor-field  elementor-size-sm\" name=\"form_fields[message]\" id=\"form-field-message\" rows=\"4\"><\/textarea>\t\t\t\t<\/div>\n\t\t\t\t\t\t\t\t<div class=\"elementor-field-group elementor-column elementor-field-type-submit elementor-col-100 e-form__buttons\">\n\t\t\t\t\t<button class=\"elementor-button elementor-size-sm\" type=\"submit\">\n\t\t\t\t\t\t<span class=\"elementor-button-content-wrapper\">\n\t\t\t\t\t\t\t\t\t\t\t\t\t\t\t\t\t\t\t\t\t\t<span class=\"elementor-button-text\">Envoyer<\/span>\n\t\t\t\t\t\t\t\t\t\t\t\t\t<\/span>\n\t\t\t\t\t<\/button>\n\t\t\t\t<\/div>\n\t\t\t<\/div>\n\t\t<\/form>\n\t\t\t\t\t\t<\/div>\n\t\t\t\t\t<\/div>\n\t\t\t\t<\/div>\n\t\t<div class=\"elementor-element elementor-element-d5dd528 e-flex e-con-boxed e-con e-parent\" data-id=\"d5dd528\" data-element_type=\"container\">\n\t\t\t\t\t<div class=\"e-con-inner\">\n\t\t<div class=\"elementor-element elementor-element-51884dc e-con-full e-flex e-con e-child\" data-id=\"51884dc\" data-element_type=\"container\">\n\t\t\t\t<div class=\"elementor-element elementor-element-37f3545 elementor-widget elementor-widget-text-editor\" data-id=\"37f3545\" data-element_type=\"widget\" data-widget_type=\"text-editor.default\">\n\t\t\t\t\t\t\t\t\t<p>\u2605\u2605\u2605\u2605\u2605<\/p>\t\t\t\t\t\t\t\t<\/div>\n\t\t\t\t<\/div>\n\t\t<div class=\"elementor-element elementor-element-2aa6414 e-con-full e-flex e-con e-child\" data-id=\"2aa6414\" data-element_type=\"container\">\n\t\t\t\t<div class=\"elementor-element elementor-element-89a860f elementor-widget elementor-widget-text-editor\" data-id=\"89a860f\" data-element_type=\"widget\" data-widget_type=\"text-editor.default\">\n\t\t\t\t\t\t\t\t\t<p>Les propri\u00e9taires qui nous font confiance \u00e0 Bruxelles, dans le Brabant wallon et le Brabant flamand appr\u00e9cient notre approche en mati\u00e8re d&rsquo;estimation et en vente immobili\u00e8re.<\/p><p><a href=\"https:\/\/www.google.com\/maps\/place\/GV+Properties\/@50.7789405,4.4518173,78404m\/data=!3m1!1e3!4m9!1m2!2m1!1sgv+properties+bruxelles!3m5!1s0x606f7850afb61555:0x2f83914e1d7502c0!8m2!3d50.7789404!4d4.4518174!16s%2Fg%2F11yr99w9n7?entry=ttu&amp;g_ep=EgoyMDI1MTIwOS4wIKXMDSoASAFQAw%3D%3D\" target=\"_blank\" rel=\"noopener\">Voir les avis clients sur Google<\/a><\/p><div>\u00a0<\/div>\t\t\t\t\t\t\t\t<\/div>\n\t\t\t\t<\/div>\n\t\t\t\t\t<\/div>\n\t\t\t\t<\/div>\n\t\t\t\t<\/div>\n\t\t","protected":false},"excerpt":{"rendered":"<p>Estimation immobili\u00e8re \u00e0 Bruxelles, dans le Brabant wallon et le Brabant flamand Un premier pas avant la mise en vente [&hellip;]<\/p>\n","protected":false},"author":1,"featured_media":0,"parent":0,"menu_order":0,"comment_status":"closed","ping_status":"closed","template":"elementor_header_footer","meta":{"_acf_changed":false,"site-sidebar-layout":"default","site-content-layout":"","ast-site-content-layout":"default","site-content-style":"default","site-sidebar-style":"default","ast-global-header-display":"","ast-banner-title-visibility":"","ast-main-header-display":"","ast-hfb-above-header-display":"","ast-hfb-below-header-display":"","ast-hfb-mobile-header-display":"","site-post-title":"disabled","ast-breadcrumbs-content":"","ast-featured-img":"","footer-sml-layout":"","theme-transparent-header-meta":"","adv-header-id-meta":"","stick-header-meta":"","header-above-stick-meta":"","header-main-stick-meta":"","header-below-stick-meta":"","astra-migrate-meta-layouts":"default","ast-page-background-enabled":"default","ast-page-background-meta":{"desktop":{"background-color":"var(--ast-global-color-5)","background-image":"","background-repeat":"repeat","background-position":"center center","background-size":"auto","background-attachment":"scroll","background-type":"","background-media":"","overlay-type":"","overlay-color":"","overlay-opacity":"","overlay-gradient":""},"tablet":{"background-color":"","background-image":"","background-repeat":"repeat","background-position":"center center","background-size":"auto","background-attachment":"scroll","background-type":"","background-media":"","overlay-type":"","overlay-color":"","overlay-opacity":"","overlay-gradient":""},"mobile":{"background-color":"","background-image":"","background-repeat":"repeat","background-position":"center center","background-size":"auto","background-attachment":"scroll","background-type":"","background-media":"","overlay-type":"","overlay-color":"","overlay-opacity":"","overlay-gradient":""}},"ast-content-background-meta":{"desktop":{"background-color":"var(--ast-global-color-4)","background-image":"","background-repeat":"repeat","background-position":"center center","background-size":"auto","background-attachment":"scroll","background-type":"","background-media":"","overlay-type":"","overlay-color":"","overlay-opacity":"","overlay-gradient":""},"tablet":{"background-color":"var(--ast-global-color-4)","background-image":"","background-repeat":"repeat","background-position":"center center","background-size":"auto","background-attachment":"scroll","background-type":"","background-media":"","overlay-type":"","overlay-color":"","overlay-opacity":"","overlay-gradient":""},"mobile":{"background-color":"var(--ast-global-color-4)","background-image":"","background-repeat":"repeat","background-position":"center center","background-size":"auto","background-attachment":"scroll","background-type":"","background-media":"","overlay-type":"","overlay-color":"","overlay-opacity":"","overlay-gradient":""}},"footnotes":""},"class_list":["post-21","page","type-page","status-publish","hentry"],"acf":[],"_links":{"self":[{"href":"https:\/\/gvproperties.be\/index.php\/wp-json\/wp\/v2\/pages\/21","targetHints":{"allow":["GET"]}}],"collection":[{"href":"https:\/\/gvproperties.be\/index.php\/wp-json\/wp\/v2\/pages"}],"about":[{"href":"https:\/\/gvproperties.be\/index.php\/wp-json\/wp\/v2\/types\/page"}],"author":[{"embeddable":true,"href":"https:\/\/gvproperties.be\/index.php\/wp-json\/wp\/v2\/users\/1"}],"replies":[{"embeddable":true,"href":"https:\/\/gvproperties.be\/index.php\/wp-json\/wp\/v2\/comments?post=21"}],"version-history":[{"count":142,"href":"https:\/\/gvproperties.be\/index.php\/wp-json\/wp\/v2\/pages\/21\/revisions"}],"predecessor-version":[{"id":1652,"href":"https:\/\/gvproperties.be\/index.php\/wp-json\/wp\/v2\/pages\/21\/revisions\/1652"}],"wp:attachment":[{"href":"https:\/\/gvproperties.be\/index.php\/wp-json\/wp\/v2\/media?parent=21"}],"curies":[{"name":"wp","href":"https:\/\/api.w.org\/{rel}","templated":true}]}}