{"id":848,"date":"2025-12-11T09:27:53","date_gmt":"2025-12-11T09:27:53","guid":{"rendered":"http:\/\/sruqnco.cluster021.hosting.ovh.net\/?page_id=848"},"modified":"2026-02-09T16:29:42","modified_gmt":"2026-02-09T15:29:42","slug":"services","status":"publish","type":"page","link":"https:\/\/gvproperties.be\/index.php\/services\/","title":{"rendered":"Services"},"content":{"rendered":"\t\t<div data-elementor-type=\"wp-page\" data-elementor-id=\"848\" class=\"elementor elementor-848\" data-elementor-post-type=\"page\">\n\t\t\t\t<div class=\"elementor-element elementor-element-d1f4c21 e-flex e-con-boxed e-con e-parent\" data-id=\"d1f4c21\" data-element_type=\"container\">\n\t\t\t\t\t<div class=\"e-con-inner\">\n\t\t\t\t<div class=\"elementor-element elementor-element-9472810 elementor-widget elementor-widget-text-editor\" data-id=\"9472810\" data-element_type=\"widget\" data-widget_type=\"text-editor.default\">\n\t\t\t\t\t\t\t\t\t<p><span style=\"font-size: 19px; font-style: inherit; font-weight: inherit; color: #000000; font-family: 'Playfair Display', sans-serif;\">LES SERVICES GV PROPERTIES<\/span><\/p>\n<h3 data-start=\"167\" data-end=\"201\"><span style=\"font-size: 19px; font-style: inherit; font-weight: inherit; color: #000000; font-family: 'Playfair Display', sans-serif;\">Chez <\/span><strong style=\"font-size: 19px; font-style: inherit; color: #000000; font-family: 'Playfair Display', sans-serif;\" data-start=\"208\" data-end=\"225\">GV Properties<\/strong><span style=\"font-size: 19px; font-style: inherit; font-weight: inherit; color: #000000; font-family: 'Playfair Display', sans-serif;\">, nous mettons un point d\u2019honneur \u00e0 vous accompagner avec excellence dans chaque \u00e9tape de votre projet immobilier. Gr\u00e2ce \u00e0 notre <\/span><strong style=\"font-size: 19px; font-style: inherit; color: #000000; font-family: 'Playfair Display', sans-serif;\" data-start=\"354\" data-end=\"385\">expertise pointue du march\u00e9<\/strong><span style=\"font-size: 19px; font-style: inherit; font-weight: inherit; color: #000000; font-family: 'Playfair Display', sans-serif;\"> et \u00e0 une connaissance approfondie des quartiers, nous vous offrons un accompagnement sur mesure, pens\u00e9 pour r\u00e9pondre pr\u00e9cis\u00e9ment \u00e0 vos besoins.<\/span><\/h3>\n<p data-start=\"531\" data-end=\"804\">Notre approche repose sur la <strong data-start=\"560\" data-end=\"571\">qualit\u00e9<\/strong>, la <strong data-start=\"576\" data-end=\"592\">transparence<\/strong> et une <strong data-start=\"600\" data-end=\"627\">attention personnalis\u00e9e<\/strong>. Selon la nature de votre projet \u2013 achat, vente, investissement ou mise en location \u2013 nous mobilisons les comp\u00e9tences n\u00e9cessaires pour vous guider et optimiser chaque d\u00e9cision.<\/p>\n<p data-start=\"806\" data-end=\"996\">Parce qu\u2019un projet immobilier est unique, GV Properties vous garantit une exp\u00e9rience fluide, s\u00e9curis\u00e9e et professionnelle, avec l\u2019objectif constant de <strong data-start=\"957\" data-end=\"995\">faire de vos ambitions une r\u00e9alit\u00e9<\/strong>.<\/p>\n<div title=\"Page 1\">\n<p><span style=\"font-size: 16.000000pt; font-family: 'Cambria'; font-weight: bold;\">GV Properties vous propose :<\/span><\/p>\n<ul>\n<li><span style=\"font-size: 16.000000pt; font-family: 'Cambria';\">Estimation gratuite dans le cadre d\u2019une vente ou d\u2019une <\/span><span style=\"font-size: 16.000000pt; font-family: 'Cambria';\">location<br><\/span><\/li>\n<li><span style=\"font-size: 16.000000pt; font-family: 'Cambria';\">Constitution du dossier client<br><\/span><\/li>\n<li><span style=\"font-size: 16.000000pt; font-family: 'Cambria';\">Shooting photo et vide\u0301os professionnelles<\/span><\/li>\n<li>Projections apr\u00e8s travaux (home staging virtuel)<\/li>\n<li>Retouches photos&nbsp;<\/li>\n<li><span style=\"font-size: 16.000000pt; font-family: 'Cambria';\">Publication sur les re\u0301seaux sociaux offrant une visibilit\u00e9 exceptionnelle&nbsp;<br><\/span><\/li>\n<li><span style=\"font-size: 16.000000pt; font-family: 'Cambria';\">Vide\u0301os drone pour mise en valeur ae\u0301rienne<\/span><\/li>\n<li><span style=\"font-size: 16.000000pt; font-family: 'Cambria';\">Visites professionnelles<\/span><\/li>\n<li><span style=\"font-size: 16.000000pt; font-family: 'Cambria';\">Organisation de journe\u0301es sp\u00e9ciales portes ouvertes&nbsp;<br><\/span><\/li>\n<li><span style=\"font-size: 16.000000pt; font-family: 'Cambria';\">Diffusion sur les diffe\u0301rentes plateformes immobilie\u0300res, ainsi<br><\/span><span style=\"font-size: 16.000000pt; font-family: 'Cambria';\">que sur notre site internet<br><\/span><\/li>\n<li><span style=\"font-size: 16.000000pt; font-family: 'Cambria';\">Collaboration avec un re\u0301seau d\u2019expatrie\u0301s<br><\/span><\/li>\n<li><span style=\"font-size: 16.000000pt; font-family: 'Cambria';\">Suivi administratif et juridique jusqu\u2019a\u0300 la signature de l\u2019acte<br><\/span><span style=\"font-size: 16.000000pt; font-family: 'Cambria';\">ou du bail<\/span><\/li>\n<\/ul>\n<p><span style=\"font-size: 16.000000pt; font-family: 'Cambria';\">Pour plus d&rsquo;information ainsi que pour une demande d&rsquo;estimation merci de compl\u00e9ter le formulaire de contact.<\/span><\/p>\n<\/div>\t\t\t\t\t\t\t\t<\/div>\n\t\t\t\t<div class=\"elementor-element elementor-element-6b9f47b elementor-button-align-stretch elementor-widget elementor-widget-form\" data-id=\"6b9f47b\" data-element_type=\"widget\" data-settings=\"{&quot;step_next_label&quot;:&quot;Suivant&quot;,&quot;step_previous_label&quot;:&quot;Pr\\u00e9c\\u00e9dent&quot;,&quot;button_width&quot;:&quot;100&quot;,&quot;step_type&quot;:&quot;number_text&quot;,&quot;step_icon_shape&quot;:&quot;circle&quot;}\" data-widget_type=\"form.default\">\n\t\t\t\t\t\t\t<form class=\"elementor-form\" method=\"post\" name=\"Nouveau formulaire\" aria-label=\"Nouveau formulaire\">\n\t\t\t<input type=\"hidden\" name=\"post_id\" value=\"848\"\/>\n\t\t\t<input type=\"hidden\" name=\"form_id\" value=\"6b9f47b\"\/>\n\t\t\t<input type=\"hidden\" name=\"referer_title\" value=\"Services - GV Properties\" \/>\n\n\t\t\t\t\t\t\t<input type=\"hidden\" name=\"queried_id\" value=\"848\"\/>\n\t\t\t\n\t\t\t<div class=\"elementor-form-fields-wrapper elementor-labels-above\">\n\t\t\t\t\t\t\t\t<div class=\"elementor-field-type-text elementor-field-group elementor-column elementor-field-group-name elementor-col-100 elementor-field-required\">\n\t\t\t\t\t\t\t\t\t\t\t\t<label for=\"form-field-name\" class=\"elementor-field-label\">\n\t\t\t\t\t\t\t\tNom\t\t\t\t\t\t\t<\/label>\n\t\t\t\t\t\t\t\t\t\t\t\t\t\t<input size=\"1\" type=\"text\" name=\"form_fields[name]\" id=\"form-field-name\" class=\"elementor-field elementor-size-sm  elementor-field-textual\" required=\"required\">\n\t\t\t\t\t\t\t\t\t\t\t<\/div>\n\t\t\t\t\t\t\t\t<div class=\"elementor-field-type-text elementor-field-group elementor-column elementor-field-group-field_5411d71 elementor-col-100 elementor-field-required\">\n\t\t\t\t\t\t\t\t\t\t\t\t<label for=\"form-field-field_5411d71\" class=\"elementor-field-label\">\n\t\t\t\t\t\t\t\tPr\u00e9nom\t\t\t\t\t\t\t<\/label>\n\t\t\t\t\t\t\t\t\t\t\t\t\t\t<input size=\"1\" type=\"text\" name=\"form_fields[field_5411d71]\" id=\"form-field-field_5411d71\" class=\"elementor-field elementor-size-sm  elementor-field-textual\" required=\"required\">\n\t\t\t\t\t\t\t\t\t\t\t<\/div>\n\t\t\t\t\t\t\t\t<div class=\"elementor-field-type-email elementor-field-group elementor-column elementor-field-group-email elementor-col-100 elementor-field-required\">\n\t\t\t\t\t\t\t\t\t\t\t\t<label for=\"form-field-email\" class=\"elementor-field-label\">\n\t\t\t\t\t\t\t\tE-mail\t\t\t\t\t\t\t<\/label>\n\t\t\t\t\t\t\t\t\t\t\t\t\t\t<input size=\"1\" type=\"email\" name=\"form_fields[email]\" id=\"form-field-email\" class=\"elementor-field elementor-size-sm  elementor-field-textual\" required=\"required\">\n\t\t\t\t\t\t\t\t\t\t\t<\/div>\n\t\t\t\t\t\t\t\t<div class=\"elementor-field-type-text elementor-field-group elementor-column elementor-field-group-field_5424a6c elementor-col-100 elementor-field-required\">\n\t\t\t\t\t\t\t\t\t\t\t\t<label for=\"form-field-field_5424a6c\" class=\"elementor-field-label\">\n\t\t\t\t\t\t\t\tT\u00e9l\u00e9phone\t\t\t\t\t\t\t<\/label>\n\t\t\t\t\t\t\t\t\t\t\t\t\t\t<input size=\"1\" type=\"text\" name=\"form_fields[field_5424a6c]\" id=\"form-field-field_5424a6c\" class=\"elementor-field elementor-size-sm  elementor-field-textual\" required=\"required\">\n\t\t\t\t\t\t\t\t\t\t\t<\/div>\n\t\t\t\t\t\t\t\t<div class=\"elementor-field-type-textarea elementor-field-group elementor-column elementor-field-group-message elementor-col-100\">\n\t\t\t\t\t\t\t\t\t\t\t\t<label for=\"form-field-message\" class=\"elementor-field-label\">\n\t\t\t\t\t\t\t\tMessage\t\t\t\t\t\t\t<\/label>\n\t\t\t\t\t\t<textarea class=\"elementor-field-textual elementor-field  elementor-size-sm\" name=\"form_fields[message]\" id=\"form-field-message\" rows=\"4\"><\/textarea>\t\t\t\t<\/div>\n\t\t\t\t\t\t\t\t<div class=\"elementor-field-group elementor-column elementor-field-type-submit elementor-col-100 e-form__buttons\">\n\t\t\t\t\t<button class=\"elementor-button elementor-size-sm\" type=\"submit\">\n\t\t\t\t\t\t<span class=\"elementor-button-content-wrapper\">\n\t\t\t\t\t\t\t\t\t\t\t\t\t\t\t\t\t\t\t\t\t\t<span class=\"elementor-button-text\">Envoyer<\/span>\n\t\t\t\t\t\t\t\t\t\t\t\t\t<\/span>\n\t\t\t\t\t<\/button>\n\t\t\t\t<\/div>\n\t\t\t<\/div>\n\t\t<\/form>\n\t\t\t\t\t\t<\/div>\n\t\t\t\t\t<\/div>\n\t\t\t\t<\/div>\n\t\t\t\t<\/div>\n\t\t","protected":false},"excerpt":{"rendered":"<p>LES SERVICES GV PROPERTIES Chez GV Properties, nous mettons un point d\u2019honneur \u00e0 vous accompagner avec excellence dans chaque \u00e9tape [&hellip;]<\/p>\n","protected":false},"author":1,"featured_media":0,"parent":0,"menu_order":0,"comment_status":"closed","ping_status":"closed","template":"elementor_header_footer","meta":{"_acf_changed":false,"site-sidebar-layout":"no-sidebar","site-content-layout":"","ast-site-content-layout":"full-width-container","site-content-style":"default","site-sidebar-style":"default","ast-global-header-display":"","ast-banner-title-visibility":"","ast-main-header-display":"","ast-hfb-above-header-display":"","ast-hfb-below-header-display":"","ast-hfb-mobile-header-display":"","site-post-title":"disabled","ast-breadcrumbs-content":"","ast-featured-img":"disabled","footer-sml-layout":"","theme-transparent-header-meta":"","adv-header-id-meta":"","stick-header-meta":"","header-above-stick-meta":"","header-main-stick-meta":"","header-below-stick-meta":"","astra-migrate-meta-layouts":"default","ast-page-background-enabled":"default","ast-page-background-meta":{"desktop":{"background-color":"var(--ast-global-color-5)","background-image":"","background-repeat":"repeat","background-position":"center center","background-size":"auto","background-attachment":"scroll","background-type":"","background-media":"","overlay-type":"","overlay-color":"","overlay-opacity":"","overlay-gradient":""},"tablet":{"background-color":"","background-image":"","background-repeat":"repeat","background-position":"center center","background-size":"auto","background-attachment":"scroll","background-type":"","background-media":"","overlay-type":"","overlay-color":"","overlay-opacity":"","overlay-gradient":""},"mobile":{"background-color":"","background-image":"","background-repeat":"repeat","background-position":"center center","background-size":"auto","background-attachment":"scroll","background-type":"","background-media":"","overlay-type":"","overlay-color":"","overlay-opacity":"","overlay-gradient":""}},"ast-content-background-meta":{"desktop":{"background-color":"var(--ast-global-color-4)","background-image":"","background-repeat":"repeat","background-position":"center center","background-size":"auto","background-attachment":"scroll","background-type":"","background-media":"","overlay-type":"","overlay-color":"","overlay-opacity":"","overlay-gradient":""},"tablet":{"background-color":"var(--ast-global-color-4)","background-image":"","background-repeat":"repeat","background-position":"center center","background-size":"auto","background-attachment":"scroll","background-type":"","background-media":"","overlay-type":"","overlay-color":"","overlay-opacity":"","overlay-gradient":""},"mobile":{"background-color":"var(--ast-global-color-4)","background-image":"","background-repeat":"repeat","background-position":"center center","background-size":"auto","background-attachment":"scroll","background-type":"","background-media":"","overlay-type":"","overlay-color":"","overlay-opacity":"","overlay-gradient":""}},"footnotes":""},"class_list":["post-848","page","type-page","status-publish","hentry"],"acf":[],"_links":{"self":[{"href":"https:\/\/gvproperties.be\/index.php\/wp-json\/wp\/v2\/pages\/848","targetHints":{"allow":["GET"]}}],"collection":[{"href":"https:\/\/gvproperties.be\/index.php\/wp-json\/wp\/v2\/pages"}],"about":[{"href":"https:\/\/gvproperties.be\/index.php\/wp-json\/wp\/v2\/types\/page"}],"author":[{"embeddable":true,"href":"https:\/\/gvproperties.be\/index.php\/wp-json\/wp\/v2\/users\/1"}],"replies":[{"embeddable":true,"href":"https:\/\/gvproperties.be\/index.php\/wp-json\/wp\/v2\/comments?post=848"}],"version-history":[{"count":52,"href":"https:\/\/gvproperties.be\/index.php\/wp-json\/wp\/v2\/pages\/848\/revisions"}],"predecessor-version":[{"id":1751,"href":"https:\/\/gvproperties.be\/index.php\/wp-json\/wp\/v2\/pages\/848\/revisions\/1751"}],"wp:attachment":[{"href":"https:\/\/gvproperties.be\/index.php\/wp-json\/wp\/v2\/media?parent=848"}],"curies":[{"name":"wp","href":"https:\/\/api.w.org\/{rel}","templated":true}]}}